{"id":348,"date":"2026-01-20T05:20:08","date_gmt":"2026-01-20T05:20:08","guid":{"rendered":"https:\/\/newshop.mtemp.site\/?page_id=348"},"modified":"2026-05-03T23:24:42","modified_gmt":"2026-05-03T23:24:42","slug":"mentions-legales","status":"publish","type":"page","link":"https:\/\/newshop.mtemp.site\/mentions-legales\/","title":{"rendered":"Mentions l\u00e9gales"},"content":{"rendered":"\n<h2 class=\"wp-block-heading\">Informations \u00c9diteur<\/h2>\n\n\n\n<p>Ce site est \u00e9dit\u00e9 par :<\/p>\n\n\n\n<h3 class=\"wp-block-heading\">FTP CONSTRUCTION<\/h3>\n\n\n\n<ul class=\"wp-block-list\">\n<li>Adresse : 5 Impasse De Capoulet 31200 Toulouse Jean-fran\u00e7ois Roz\u00e9, France<\/li>\n\n\n\n<li>Capital social : 20 000,00 \u20ac<\/li>\n\n\n\n<li>Forme juridique : SASU, soci\u00e9t\u00e9 par actions simplifi\u00e9e unipersonnelle<\/li>\n<\/ul>\n\n\n\n<h2 class=\"wp-block-heading\">Information H\u00e9bergeur :<\/h2>\n\n\n\n<p>Ce site est h\u00e9berg\u00e9 par :<\/p>\n\n\n\n<h3 class=\"wp-block-heading\">Themecloud (NOADMIN)<\/h3>\n\n\n\n<ul class=\"wp-block-list\">\n<li>SAS<\/li>\n\n\n\n<li>Si\u00e8ge social : 13 bis avenue de la Motte Picquet, 75007 PARIS<\/li>\n\n\n\n<li>Immatricul\u00e9 sous le num\u00e9ro 803 168 194<\/li>\n\n\n\n<li>N\u00b0 TVA : FR53803168194<\/li>\n<\/ul>\n\n\n\n<p>Le nom de domaine est enregistr\u00e9 sur :<\/p>\n\n\n\n<h3 class=\"wp-block-heading\">Gandi<\/h3>\n\n\n\n<ul class=\"wp-block-list\">\n<li>Soci\u00e9t\u00e9 par Actions Simplifi\u00e9e | Capital 300.000\u20ac<\/li>\n\n\n\n<li>Si\u00e8ge social : 63-65 boulevard Mass\u00e9na \u00e0 Paris (75013) FRANCE<\/li>\n\n\n\n<li>Immatricul\u00e9 sous le num\u00e9ro 423 093 459 RCS PARIS<\/li>\n\n\n\n<li>N\u00b0 TVA : FR81423093459<\/li>\n<\/ul>\n\n\n\n<h2 class=\"wp-block-heading\">Information Conception<\/h2>\n\n\n\n<h3 class=\"wp-block-heading\">Cekome<\/h3>\n\n\n\n<ul class=\"wp-block-list\">\n<li>7 rue de Ribeaupierre<\/li>\n\n\n\n<li>68125 HOUSSEN &#8211; Haut-Rhin &#8211; France<\/li>\n\n\n\n<li>Siret : 751 436 122 00038<\/li>\n\n\n\n<li>Repr\u00e9sent\u00e9 par Mr S.INCE<\/li>\n<\/ul>\n\n\n\n<h2 class=\"wp-block-heading\">Droits d&rsquo;auteur \/ Propri\u00e9t\u00e9 intellectuelle<\/h2>\n\n\n\n<p>La pr\u00e9sentation et chacun des \u00e9l\u00e9ments, y compris le nom de domaine, les marques, logos, enseignes, dessins, illustrations, photographies, textes, graphiques et autres fichiers apparaissant sur le pr\u00e9sent site, sont prot\u00e9g\u00e9s par les lois en vigueur sur la propri\u00e9t\u00e9 intellectuelle, et appartiennent \u00e0 l\u2019\u00e9diteur du site ou font l&rsquo;objet d&rsquo;une autorisation d&rsquo;utilisation.<\/p>\n\n\n\n<p>Aucun \u00e9l\u00e9ment composant de ce site ne peut \u00eatre copi\u00e9, reproduit, modifi\u00e9, r\u00e9\u00e9dit\u00e9, charg\u00e9, d\u00e9natur\u00e9, transmis ou distribu\u00e9 de quelque mani\u00e8re que ce soit, sous quelque support que ce soit, de fa\u00e7on partielle ou int\u00e9grale, sans l&rsquo;autorisation \u00e9crite et pr\u00e9alable de l\u2019\u00e9diteur du site, \u00e0 l&rsquo;exception d&rsquo;une stricte utilisation pour usage personnel, priv\u00e9 et non-commercial, sans modification des \u00e9l\u00e9ments pr\u00e9sents sur le site.<\/p>\n\n\n\n<p>En cas d\u2019utilisation ill\u00e9gale ou non autoris\u00e9e du site, l\u2019\u00e9diteur du site se r\u00e9serve le droit de prendre toute mesure ad\u00e9quate qu\u2019il estime n\u00e9cessaire et, le cas \u00e9ch\u00e9ant, d\u2019intenter toute action en justice appropri\u00e9e, et\/ou signaler l\u2019infraction aux autorit\u00e9s judiciaires et de police.<\/p>\n\n\n\n<h2 class=\"wp-block-heading\">Protection des donn\u00e9es personnelles<\/h2>\n\n\n\n<p>L\u2019\u00e9diteur du site s\u2019engage \u00e0 prot\u00e9ger les informations personnelles et la vie priv\u00e9e des visiteurs du site internet et de toute personne utilisant ses services de mani\u00e8re g\u00e9n\u00e9rale.<\/p>\n\n\n\n<p>Pour plus d\u2019informations concernant la gestion des donn\u00e9es personnelles vos droits et les droits existants, veuillez consulter notre&nbsp;Politique de protection des donn\u00e9es personnelles.<\/p>\n\n\n\n<h2 class=\"wp-block-heading\">Utilisation de cookies<\/h2>\n\n\n\n<p>Le bon fonctionnement du site n\u00e9cessite l\u2019utilisation de cookies.<\/p>\n\n\n\n<p>Des informations non personnelles sont enregistr\u00e9es par ce syst\u00e8me de cookies (fichiers texte utilis\u00e9s pour reconna\u00eetre un utilisateur et ainsi faciliter son utilisation du site). Ceux-ci n\u2019ont aucune signification en dehors de leur utilisation sur le site.<\/p>\n\n\n\n<h2 class=\"wp-block-heading\">Opposition au d\u00e9marchage t\u00e9l\u00e9phonique<\/h2>\n\n\n\n<p>Conform\u00e9ment \u00e0 la l\u00e9gislation, nous vous informons que vous pouvez, si vous le souhaitez, vous inscrire sur la liste d\u2019opposition au d\u00e9marchage t\u00e9l\u00e9phonique sur le site internet&nbsp;<a href=\"https:\/\/www.bloctel.gouv.fr\/\" target=\"_blank\" rel=\"noreferrer noopener\">www.bloctel.gouv.fr<\/a>.<\/p>\n\n\n\n<h2 class=\"wp-block-heading\">Liens hypertextes<\/h2>\n\n\n\n<p>MS Habitat ne contr\u00f4le pas les sites en connexion avec le sien, et ne saurait donc \u00eatre responsable de leur contenu.<\/p>\n\n\n\n<p>Les risques li\u00e9s \u00e0 l\u2019utilisation de ces sites incombent pleinement \u00e0 l\u2019utilisateur. Il se conformera \u00e0 leurs conditions d\u2019utilisation.<\/p>\n\n\n\n<h2 class=\"wp-block-heading\">Droit applicable<\/h2>\n\n\n\n<p>Le pr\u00e9sent site et ses mentions l\u00e9gales sont soumis au droit fran\u00e7ais.<\/p>\n","protected":false},"excerpt":{"rendered":"<p>Informations \u00c9diteur Ce site est \u00e9dit\u00e9 par : FTP CONSTRUCTION Information H\u00e9bergeur : Ce site est h\u00e9berg\u00e9 par : Themecloud (NOADMIN) Le nom de domaine est enregistr\u00e9 sur : Gandi Information Conception Cekome Droits d&rsquo;auteur \/ Propri\u00e9t\u00e9 intellectuelle La pr\u00e9sentation et chacun des \u00e9l\u00e9ments, y compris le nom de domaine, les marques, logos, enseignes, dessins, . . . <\/p>\n","protected":false},"author":1,"featured_media":0,"parent":0,"menu_order":0,"comment_status":"closed","ping_status":"closed","template":"","meta":{"inline_featured_image":false,"footnotes":""},"class_list":["post-348","page","type-page","status-publish","hentry"],"_links":{"self":[{"href":"https:\/\/newshop.mtemp.site\/wp-json\/wp\/v2\/pages\/348","targetHints":{"allow":["GET"]}}],"collection":[{"href":"https:\/\/newshop.mtemp.site\/wp-json\/wp\/v2\/pages"}],"about":[{"href":"https:\/\/newshop.mtemp.site\/wp-json\/wp\/v2\/types\/page"}],"author":[{"embeddable":true,"href":"https:\/\/newshop.mtemp.site\/wp-json\/wp\/v2\/users\/1"}],"replies":[{"embeddable":true,"href":"https:\/\/newshop.mtemp.site\/wp-json\/wp\/v2\/comments?post=348"}],"version-history":[{"count":2,"href":"https:\/\/newshop.mtemp.site\/wp-json\/wp\/v2\/pages\/348\/revisions"}],"predecessor-version":[{"id":542,"href":"https:\/\/newshop.mtemp.site\/wp-json\/wp\/v2\/pages\/348\/revisions\/542"}],"wp:attachment":[{"href":"https:\/\/newshop.mtemp.site\/wp-json\/wp\/v2\/media?parent=348"}],"curies":[{"name":"wp","href":"https:\/\/api.w.org\/{rel}","templated":true}]}}