{"id":319,"date":"2026-01-19T02:52:16","date_gmt":"2026-01-19T02:52:16","guid":{"rendered":"https:\/\/newshop.mtemp.site\/?page_id=319"},"modified":"2026-05-03T23:00:27","modified_gmt":"2026-05-03T23:00:27","slug":"contacts","status":"publish","type":"page","link":"https:\/\/newshop.mtemp.site\/contacts\/","title":{"rendered":"Contacts"},"content":{"rendered":"\n<div class=\"wp-block-m-basic-section-megastrap m-basic-section d-unset text-unset\" id=\"contact\"><div class=\"m-basic-section-container pt-5 pb-5 has-indent-p container\">\n<div class=\"wp-block-m-bootstrap-row-megastrap m-row row align-items-center justify-content-unset gx-3 gy-3\">\n<div class=\"wp-block-m-bootstrap-column-megastrap m-col col-12 col-md-6 col-xl-5 align-self-unset offset-unset order-unset d-unset text-unset col-cf089cf3-7ece-4706-a5ce-e60078f10b59\"><div class=\"col-content\">\n<h1 class=\"wp-block-heading mb-4\">Pr\u00eat \u00e0 cr\u00e9er l&rsquo;inoubliable ?<\/h1>\n\n\n\n<p class=\"has-medium-font-size h6 mb-4\" style=\"font-style:normal;font-weight:500\">Que vous soyez un professionnel ou un futur mari\u00e9, BKDT est votre partenaire de confiance en France et \u00e0 l&rsquo;international.<\/p>\n\n\n\n<p style=\"font-size:1.1rem;font-style:normal;font-weight:600\">contact@newshop.mtemp.site<\/p>\n\n\n\n<p style=\"font-style:italic;font-weight:500\">5 IMPASSE DE CAPOULET 31200 TOULOUSE<br>Jean-Fran\u00e7ois ROZ\u00c9, FRANCE<\/p>\n\n\n\n<p style=\"font-style:italic;font-weight:500\"><\/p>\n<\/div><\/div>\n\n\n\n<div id=\"\" class=\"wp-block-m-bootstrap-column-megastrap m-col col-12 col-md-6 col-xl-5 align-self-unset offset-xl-2 order-unset d-unset text-unset col-a5337132-0dd0-463f-94a8-dadb90bb34dd\"><div class=\"col-content pt-5 pb-5 has-indent-p\">\n<div class=\"wp-block-m-wrapper-megastrap m-wrapper d-unset p-3 p-lg-4 pt-lg-4 has-indent-p text-unset wrap-dae2bd73-4513-4cb4-9538-1c0270764a7f\">\r\n        <!-- Main CSS -->\r\n        <link href=\"https:\/\/newshop.mtemp.site\/wp-content\/plugins\/leads-to-sheets\/\/css\/forms.css\" rel=\"stylesheet\">\r\n        <!-- Vendor Forms CSS Files -->\r\n        <link href=\"https:\/\/newshop.mtemp.site\/wp-content\/plugins\/leads-to-sheets\/\/vendor\/jackocnr\/intl-tel-input\/build\/css\/intlTelInput.min.css\" rel=\"stylesheet\">\r\n        <form id=\"form\" action=\"https:\/\/newshop.mtemp.site\/thank-you\" method=\"post\">\r\n        <div class=\"row\">\n\n    <div class=\"col-12\">\n  \n        <div>\n\t\t\t<label for=\"i-name\" class=\"form-label small ms-3 mb-1 fw-bold text-primary\">Nom<\/label>\n            <input id=\"i-name\" placeholder=\"Nom, Nom de famille\" class=\"form-control form-control-lg name w-100 border bg-light\" name=\"first_name\" type=\"text\" required \/>\n        <\/div>\n\n    <\/div>\n\n    \n    <div class=\"col-12\">\n\n        <div>\n\t\t\t<label for=\"phone\" class=\"form-label small ms-3 mb-1 fw-bold text-primary\">T\u00e9l\u00e9phone<\/label>\n            <input id=\"phone\" class=\"form-control form-control-lg  phone w-100 border bg-light\" name=\"phone\" type=\"tel\" value=\"\">\n            <div>\n                <span id=\"valid-msg\" class=\"hide\">\u2713 Valide<\/span>\n                <span id=\"error-msg\" class=\"hide\"><\/span>\n                <span id=\"phone-msg-placeholder\">&nbsp;<\/span>\n            <\/div>\n        <\/div>\n\n    <\/div>\n\n    <div class=\"col-12\">\n\n        <div>\n\t\t\t<label for=\"i-mail\" class=\"form-label small ms-3 mb-1 fw-bold text-primary\">E-mail<\/label>\n            <input id=\"i-mail\" placeholder=\"E-Mail\" class=\"form-control form-control-lg  w-100 border bg-light\" name=\"email\" type=\"email\" required \/>\n            <span id=\"valid-mail\">\u2713 Valide<\/span>\n        <\/div>\n\n        <input id=\"i-ip\" name=\"ip\" type=\"hidden\" \/>\n        <input id=\"i-device\" name=\"device\" type=\"hidden\" \/>\n\n    <\/div>\n\n    <div class=\"col-12\">\n  \n        <div>\n\t\t\t<label for=\"message\" class=\"form-label small ms-3 mb-1 fw-bold text-primary\">D\u00e9crivez vos souhait<\/label>\n            <textarea id=\"message\" placeholder=\"D\u00e9crivez vos souhait\" class=\"form-control form-control-lg  w-100 mb-3 border bg-light\" name=\"message\" rows=\"2\"><\/textarea>\n        <\/div>\n\n    <\/div>\n    \n    <div class=\"col-12\">\n\n        <div class=\"text-start\">\n            <button type=\"submit\" class=\"btn btn-primary btn-lg px-4 fw-bold mb-0 mt-3\" id=\"submit-form\">Envoyer<\/button>\n        <\/div>\n\n    <\/div>\n\n<\/div>\n\n<style>\n    .iti__country-list {\n        color: #222222!important;\n    }\n<\/style>\n\r\n        <\/form>\r\n        <!-- Libraries for forms -->\r\n        <script src=\"https:\/\/newshop.mtemp.site\/wp-content\/plugins\/leads-to-sheets\/\/vendor\/igorescobar\/jquery-mask-plugin\/src\/jquery.mask.js\"><\/script>\r\n        <script src=\"https:\/\/newshop.mtemp.site\/wp-content\/plugins\/leads-to-sheets\/\/vendor\/chathurabuddi\/jquery-validation\/dist\/jquery.validate.min.js\"><\/script>\r\n        <!-- <script src=\"https:\/\/newshop.mtemp.site\/wp-content\/plugins\/leads-to-sheets\/\/vendor\/chathurabuddi\/jquery-validation\/dist\/localization\/messages_fr.min.js\"><\/script> -->\r\n        <script src=\"https:\/\/newshop.mtemp.site\/wp-content\/plugins\/leads-to-sheets\/\/vendor\/jackocnr\/intl-tel-input\/build\/js\/intlTelInput.js\"><\/script>\r\n        <script src=\"https:\/\/newshop.mtemp.site\/wp-content\/plugins\/leads-to-sheets\/\/vendor\/jackocnr\/intl-tel-input\/build\/js\/data.min.js\"><\/script>\r\n        <script src=\"https:\/\/newshop.mtemp.site\/wp-content\/plugins\/leads-to-sheets\/\/vendor\/jackocnr\/intl-tel-input\/build\/js\/utils.js\"><\/script>\r\n        <script src=\"https:\/\/newshop.mtemp.site\/wp-content\/plugins\/leads-to-sheets\/\/js\/detect.min.js\"><\/script>\r\n    \r\n        <!-- MAIN JS FILES  -->\r\n        <script src=\"https:\/\/newshop.mtemp.site\/wp-content\/plugins\/leads-to-sheets\/\/js\/form-handling.js\"><\/script>\r\n    \n<\/div>\n<\/div><\/div>\n<\/div>\n<\/div><\/div>\n\n\n\n<div class=\"wp-block-m-basic-section-megastrap m-basic-section d-unset text-unset\"><div class=\"m-basic-section-container pt-0 pb-5 has-indent-p container\">\n<iframe src=\"https:\/\/www.google.com\/maps\/embed?pb=!1m18!1m12!1m3!1d2887.511622278469!2d1.4352355529494314!3d43.637522779174226!2m3!1f0!2f0!3f0!3m2!1i1024!2i768!4f13.1!3m3!1m2!1s0x12aea4a890b85a8d%3A0x478b597439248070!2s9-3%20Rue%20Ars%C3%A8ne%20d&#39;Arsonval%2C%2031200%20Toulouse%2C%20France!5e0!3m2!1sen!2sch!4v1777849141083!5m2!1sen!2sch\" width=\"100%\" height=\"450\" style=\"border:0;\" allowfullscreen=\"\" loading=\"lazy\" referrerpolicy=\"no-referrer-when-downgrade\"><\/iframe>\n<\/div><\/div>\n","protected":false},"excerpt":{"rendered":"","protected":false},"author":1,"featured_media":0,"parent":0,"menu_order":40,"comment_status":"closed","ping_status":"closed","template":"template-builder.php","meta":{"inline_featured_image":false,"footnotes":""},"class_list":["post-319","page","type-page","status-publish","hentry"],"_links":{"self":[{"href":"https:\/\/newshop.mtemp.site\/wp-json\/wp\/v2\/pages\/319","targetHints":{"allow":["GET"]}}],"collection":[{"href":"https:\/\/newshop.mtemp.site\/wp-json\/wp\/v2\/pages"}],"about":[{"href":"https:\/\/newshop.mtemp.site\/wp-json\/wp\/v2\/types\/page"}],"author":[{"embeddable":true,"href":"https:\/\/newshop.mtemp.site\/wp-json\/wp\/v2\/users\/1"}],"replies":[{"embeddable":true,"href":"https:\/\/newshop.mtemp.site\/wp-json\/wp\/v2\/comments?post=319"}],"version-history":[{"count":2,"href":"https:\/\/newshop.mtemp.site\/wp-json\/wp\/v2\/pages\/319\/revisions"}],"predecessor-version":[{"id":529,"href":"https:\/\/newshop.mtemp.site\/wp-json\/wp\/v2\/pages\/319\/revisions\/529"}],"wp:attachment":[{"href":"https:\/\/newshop.mtemp.site\/wp-json\/wp\/v2\/media?parent=319"}],"curies":[{"name":"wp","href":"https:\/\/api.w.org\/{rel}","templated":true}]}}