{"id":317,"date":"2026-01-19T02:51:37","date_gmt":"2026-01-19T02:51:37","guid":{"rendered":"https:\/\/newshop.mtemp.site\/?page_id=317"},"modified":"2026-05-03T22:42:35","modified_gmt":"2026-05-03T22:42:35","slug":"nos-services","status":"publish","type":"page","link":"https:\/\/newshop.mtemp.site\/nos-services\/","title":{"rendered":"Nos services"},"content":{"rendered":"\n<div class=\"wp-block-m-basic-section-megastrap m-basic-section d-unset text-unset\"><div class=\"m-basic-section-container pt-5 pb-5 has-indent-p container\">\n<h1 class=\"wp-block-heading has-text-align-center mt-4\">Nos services<\/h1>\n<\/div><\/div>\n\n\n\n<div class=\"wp-block-m-column-section-megastrap m-column-section-edit row g-0 mt-0 mb-5 has-indent-m\" id=\"about\">\n<div class=\"wp-block-m-column-section-half-megastrap m-column-section-half col-lg-6 text-unset half-section-465a6a4a-b7ef-40fb-a9f1-728a5b5e9208\"><div class=\"m-container-section-half h-100 d-flex flex-column justify-content-center pt-5 pb-5 has-indent-p m-container-half\">\n<h3 class=\"wp-block-heading mt-2 h2 mb-5 lh-1 m-max-width-600\">Organisation de Salons, Expositions et Congr\u00e8s<\/h3>\n\n\n\n<p class=\"mb-4 m-max-width-500\">L&rsquo;expertise de <strong><mark style=\"background-color:rgba(0, 0, 0, 0)\" class=\"has-inline-color has-primary-color\">BKDT <\/mark><\/strong>en mati\u00e8re d&rsquo;\u00e9v\u00e9nements professionnels se traduit par une ma\u00eetrise absolue de la conception strat\u00e9gique et de la coordination logistique. Nous transformons vos visions corporatives en plateformes d&rsquo;\u00e9change dynamiques, g\u00e9rant chaque aspect depuis le design initial jusqu&rsquo;au suivi rigoureux post-\u00e9v\u00e9nement. Notre \u00e9quipe excelle dans la gestion des exposants et la s\u00e9lection de prestataires de premier plan pour garantir une fluidit\u00e9 op\u00e9rationnelle irr\u00e9prochable. Qu\u2019il s\u2019agisse d\u2019un congr\u00e8s international ou d\u2019une exposition th\u00e9matique, nous orchestrons le flux des participants et la technique avec une pr\u00e9cision chirurgicale. Chaque d\u00e9tail est pens\u00e9 pour maximiser l&rsquo;impact de votre message et favoriser des connexions professionnelles durables. Nous agissons en tant que v\u00e9ritable partenaire strat\u00e9gique pour faire de vos \u00e9v\u00e9nements des succ\u00e8s commerciaux retentissants en France comme \u00e0 l&rsquo;\u00e9tranger.<\/p>\n<\/div><\/div>\n\n\n\n<div class=\"wp-block-m-column-section-half-megastrap m-column-section-half col-lg-6 text-unset half-section-6c91b280-1b92-419c-9870-9e900cc443c2\" style=\"background:url('http:\/\/newshop.mtemp.site\/wp-content\/uploads\/2026\/05\/pexels-bence-szemerey-337043-7513474.jpg') 18% 26% \/ cover no-repeat scroll\"><div class=\"m-container-section-half h-100 pt-5 pb-5 has-indent-p m-container-half\"><\/div><style>\n.half-section-6c91b280-1b92-419c-9870-9e900cc443c2 { min-height: 25rem; }  \n@media (min-width: 992px) { .half-section-6c91b280-1b92-419c-9870-9e900cc443c2 { min-height: 35rem; } } \n<\/style><\/div>\n<\/div>\n\n\n\n<div class=\"wp-block-m-column-section-megastrap m-column-section-edit row g-0 mt-0 mb-5 has-indent-m\" id=\"about\">\n<div class=\"wp-block-m-column-section-half-megastrap m-column-section-half col-lg-6 text-unset half-section-fdc6aaa6-621e-414e-b876-9baf4224787f\" style=\"background:url('http:\/\/newshop.mtemp.site\/wp-content\/uploads\/2026\/05\/pexels-sam-gibson-2151569207-31757195.jpg') 67% 62% \/ cover no-repeat scroll\"><div class=\"m-container-section-half h-100 pt-5 pb-5 has-indent-p m-container-half\"><\/div><style>\n.half-section-fdc6aaa6-621e-414e-b876-9baf4224787f { min-height: 25rem; }  \n@media (min-width: 992px) { .half-section-fdc6aaa6-621e-414e-b876-9baf4224787f { min-height: 35rem; } } \n<\/style><\/div>\n\n\n\n<div class=\"wp-block-m-column-section-half-megastrap m-column-section-half col-lg-6 text-unset half-section-bbc3df86-6b0a-49c0-8896-f92af1648264\"><div class=\"m-container-section-half h-100 d-flex flex-column justify-content-center pt-5 pb-5 ps-xl-5 has-indent-p m-container-half\">\n<h3 class=\"wp-block-heading mt-2 h2 mb-5 lh-1 m-max-width-600\">Wedding Planning (Organisation de Mariages)<\/h3>\n\n\n\n<p class=\"mb-4 m-max-width-500\">Pour le plus beau jour de votre vie, <strong><mark style=\"background-color:rgba(0, 0, 0, 0)\" class=\"has-inline-color has-primary-color\">BKDT <\/mark><\/strong>propose un service de design et de coordination sur mesure, m\u00ealant \u00e9l\u00e9gance et s\u00e9r\u00e9nit\u00e9. Nous accompagnons nos clients \u00e0 chaque \u00e9tape, de l\u2019\u00e9tablissement d\u2019un budget r\u00e9aliste \u00e0 la s\u00e9lection m\u00e9ticuleuse des lieux et des prestataires les plus talentueux. Notre approche personnalis\u00e9e garantit que chaque c\u00e9r\u00e9monie refl\u00e8te l&rsquo;identit\u00e9 unique du couple, avec un soutien constant durant toute la phase de planification. Le jour J, nos coordinateurs assurent une gestion invisible mais omnipr\u00e9sente pour que vous puissiez vivre pleinement chaque instant sans aucune contrainte logistique. Nous g\u00e9rons les impr\u00e9vus avec discr\u00e9tion et professionnalisme, assurant une transition fluide entre chaque moment fort de la journ\u00e9e. Notre mission se prolonge m\u00eame apr\u00e8s les festivit\u00e9s avec un suivi post-\u00e9v\u00e9nement attentif pour cl\u00f4turer cette aventure en toute beaut\u00e9.<\/p>\n<\/div><\/div>\n<\/div>\n\n\n\n<div class=\"wp-block-m-column-section-megastrap m-column-section-edit row g-0 mt-0 mb-5 has-indent-m\" id=\"about\">\n<div class=\"wp-block-m-column-section-half-megastrap m-column-section-half col-lg-6 text-unset half-section-e71a6b40-2365-4a57-ae71-5c8a8032d0d5\"><div class=\"m-container-section-half h-100 d-flex flex-column justify-content-center pt-5 pb-5 has-indent-p m-container-half\">\n<h3 class=\"wp-block-heading mt-2 h2 mb-5 lh-1 m-max-width-600\">Officiant de C\u00e9r\u00e9monie La\u00efque<\/h3>\n\n\n\n<p class=\"mb-4 m-max-width-500\"><strong><mark style=\"background-color:rgba(0, 0, 0, 0)\" class=\"has-inline-color has-primary-color\">BKDT<\/mark><\/strong> donne une voix \u00e0 votre engagement \u00e0 travers la cr\u00e9ation et l&rsquo;animation de c\u00e9r\u00e9monies civiles et la\u00efques empreintes d&rsquo;\u00e9motion. Nos officiants se consacrent \u00e0 l&rsquo;\u00e9criture de discours enti\u00e8rement personnalis\u00e9s, capturant l&rsquo;essence de votre histoire et de vos valeurs. Nous s\u00e9lectionnons et lisons des textes qui r\u00e9sonnent avec votre parcours, tout en coordonnant parfaitement le d\u00e9roulement de la c\u00e9l\u00e9bration. Chaque mot est choisi avec soin pour respecter scrupuleusement les souhaits et la vision des parties impliqu\u00e9es. Au-del\u00e0 de la parole, nous orchestrons la mise en sc\u00e8ne et le rythme de la c\u00e9r\u00e9monie pour cr\u00e9er une atmosph\u00e8re suspendue dans le temps. C\u2019est une exp\u00e9rience humaine profonde o\u00f9 chaque geste et chaque silence sont pens\u00e9s pour c\u00e9l\u00e9brer l&rsquo;union avec noblesse et authenticit\u00e9.<\/p>\n<\/div><\/div>\n\n\n\n<div class=\"wp-block-m-column-section-half-megastrap m-column-section-half col-lg-6 text-unset half-section-8824517e-daa1-4b45-a245-19ffa0367274\" style=\"background:url('http:\/\/newshop.mtemp.site\/wp-content\/uploads\/2026\/05\/pexels-andrea-prochilo-3062027-34311558.jpg') 18% 26% \/ cover no-repeat scroll\"><div class=\"m-container-section-half h-100 pt-5 pb-5 has-indent-p m-container-half\"><\/div><style>\n.half-section-8824517e-daa1-4b45-a245-19ffa0367274 { min-height: 25rem; }  \n@media (min-width: 992px) { .half-section-8824517e-daa1-4b45-a245-19ffa0367274 { min-height: 35rem; } } \n<\/style><\/div>\n<\/div>\n\n\n\n<div class=\"wp-block-m-column-section-megastrap m-column-section-edit row g-0 mt-0 mb-5 has-indent-m\" id=\"about\">\n<div class=\"wp-block-m-column-section-half-megastrap m-column-section-half col-lg-6 text-unset half-section-ee5fc460-b582-43c7-b2cc-46dbf11b4755\" style=\"background:url('http:\/\/newshop.mtemp.site\/wp-content\/uploads\/2026\/05\/pexels-athena-2962135.jpg') 67% 62% \/ cover no-repeat scroll\"><div class=\"m-container-section-half h-100 pt-5 pb-5 has-indent-p m-container-half\"><\/div><style>\n.half-section-ee5fc460-b582-43c7-b2cc-46dbf11b4755 { min-height: 25rem; }  \n@media (min-width: 992px) { .half-section-ee5fc460-b582-43c7-b2cc-46dbf11b4755 { min-height: 35rem; } } \n<\/style><\/div>\n\n\n\n<div class=\"wp-block-m-column-section-half-megastrap m-column-section-half col-lg-6 text-unset half-section-97686fb7-c5fb-481b-a283-a44d20b5f7b5\"><div class=\"m-container-section-half h-100 d-flex flex-column justify-content-center pt-5 pb-5 ps-xl-5 has-indent-p m-container-half\">\n<h3 class=\"wp-block-heading mt-2 h2 mb-5 lh-1 m-max-width-600\">Conseil, Contenu \u00c9ditorial et Coaching<\/h3>\n\n\n\n<p class=\"mb-4 m-max-width-500\">L&rsquo;excellence de <strong><mark style=\"background-color:rgba(0, 0, 0, 0)\" class=\"has-inline-color has-primary-color\">BKDT <\/mark><\/strong>s&rsquo;\u00e9tend \u00e9galement \u00e0 la transmission du savoir-faire et \u00e0 la valorisation de l&rsquo;image de marque de nos clients. Nous offrons des services de conseil en communication \u00e9v\u00e9nementielle pour donner une r\u00e9sonance unique \u00e0 vos projets les plus ambitieux. La cr\u00e9ation de contenu \u00e9ditorial sp\u00e9cifique permet de narrer votre \u00e9v\u00e9nement et d&rsquo;engager votre audience bien au-del\u00e0 du jour de la r\u00e9ception. Parall\u00e8lement, nous proposons des programmes de formation et de coaching destin\u00e9s aux particuliers et aux professionnels d\u00e9sireux de se perfectionner dans le secteur \u00e9v\u00e9nementiel. Que vous souhaitiez monter en comp\u00e9tence ou structurer une nouvelle strat\u00e9gie de communication, BKDT vous apporte les outils n\u00e9cessaires au succ\u00e8s. Notre expertise globale devient ainsi un levier de croissance et d&rsquo;inspiration pour tous les acteurs de l&rsquo;industrie.<\/p>\n<\/div><\/div>\n<\/div>\n","protected":false},"excerpt":{"rendered":"","protected":false},"author":1,"featured_media":0,"parent":0,"menu_order":30,"comment_status":"closed","ping_status":"closed","template":"template-builder.php","meta":{"inline_featured_image":false,"footnotes":""},"class_list":["post-317","page","type-page","status-publish","hentry"],"_links":{"self":[{"href":"https:\/\/newshop.mtemp.site\/wp-json\/wp\/v2\/pages\/317","targetHints":{"allow":["GET"]}}],"collection":[{"href":"https:\/\/newshop.mtemp.site\/wp-json\/wp\/v2\/pages"}],"about":[{"href":"https:\/\/newshop.mtemp.site\/wp-json\/wp\/v2\/types\/page"}],"author":[{"embeddable":true,"href":"https:\/\/newshop.mtemp.site\/wp-json\/wp\/v2\/users\/1"}],"replies":[{"embeddable":true,"href":"https:\/\/newshop.mtemp.site\/wp-json\/wp\/v2\/comments?post=317"}],"version-history":[{"count":5,"href":"https:\/\/newshop.mtemp.site\/wp-json\/wp\/v2\/pages\/317\/revisions"}],"predecessor-version":[{"id":521,"href":"https:\/\/newshop.mtemp.site\/wp-json\/wp\/v2\/pages\/317\/revisions\/521"}],"wp:attachment":[{"href":"https:\/\/newshop.mtemp.site\/wp-json\/wp\/v2\/media?parent=317"}],"curies":[{"name":"wp","href":"https:\/\/api.w.org\/{rel}","templated":true}]}}